{"id":237076,"date":"2024-06-05T14:17:15","date_gmt":"2024-06-05T14:17:15","guid":{"rendered":"https:\/\/wp.adr-alcen.com\/?page_id=237076"},"modified":"2024-06-05T14:17:15","modified_gmt":"2024-06-05T14:17:15","slug":"defense-et-securite","status":"publish","type":"page","link":"https:\/\/wp.adr-alcen.com\/fr\/marche\/defense-et-securite\/","title":{"rendered":"D\u00e9fense et s\u00e9curit\u00e9"},"content":{"rendered":"","protected":false},"excerpt":{"rendered":"","protected":false},"author":3,"featured_media":0,"parent":237090,"menu_order":1,"comment_status":"closed","ping_status":"closed","template":"","meta":{"_acf_changed":false,"_et_pb_use_builder":"on","_et_pb_old_content":"","_et_gb_content_width":"","footnotes":""},"class_list":["post-237076","page","type-page","status-publish","hentry"],"acf":[],"_links":{"self":[{"href":"https:\/\/wp.adr-alcen.com\/fr\/wp-json\/wp\/v2\/pages\/237076","targetHints":{"allow":["GET"]}}],"collection":[{"href":"https:\/\/wp.adr-alcen.com\/fr\/wp-json\/wp\/v2\/pages"}],"about":[{"href":"https:\/\/wp.adr-alcen.com\/fr\/wp-json\/wp\/v2\/types\/page"}],"author":[{"embeddable":true,"href":"https:\/\/wp.adr-alcen.com\/fr\/wp-json\/wp\/v2\/users\/3"}],"replies":[{"embeddable":true,"href":"https:\/\/wp.adr-alcen.com\/fr\/wp-json\/wp\/v2\/comments?post=237076"}],"version-history":[{"count":1,"href":"https:\/\/wp.adr-alcen.com\/fr\/wp-json\/wp\/v2\/pages\/237076\/revisions"}],"predecessor-version":[{"id":248928,"href":"https:\/\/wp.adr-alcen.com\/fr\/wp-json\/wp\/v2\/pages\/237076\/revisions\/248928"}],"up":[{"embeddable":true,"href":"https:\/\/wp.adr-alcen.com\/fr\/wp-json\/wp\/v2\/pages\/237090"}],"wp:attachment":[{"href":"https:\/\/wp.adr-alcen.com\/fr\/wp-json\/wp\/v2\/media?parent=237076"}],"curies":[{"name":"wp","href":"https:\/\/api.w.org\/{rel}","templated":true}]}}