{"id":237083,"date":"2024-06-05T14:05:10","date_gmt":"2024-06-05T14:05:10","guid":{"rendered":"https:\/\/wp.adr-alcen.com\/?page_id=237083"},"modified":"2024-06-05T14:05:10","modified_gmt":"2024-06-05T14:05:10","slug":"roulements-a-billes-integres","status":"publish","type":"page","link":"https:\/\/wp.adr-alcen.com\/fr\/produits\/roulements-a-billes-integres\/","title":{"rendered":"Roulements \u00e0 billes int\u00e9gr\u00e9s"},"content":{"rendered":"","protected":false},"excerpt":{"rendered":"","protected":false},"author":3,"featured_media":0,"parent":236967,"menu_order":1,"comment_status":"closed","ping_status":"closed","template":"","meta":{"_acf_changed":false,"_et_pb_use_builder":"on","_et_pb_old_content":"","_et_gb_content_width":"","footnotes":""},"class_list":["post-237083","page","type-page","status-publish","hentry"],"acf":[],"_links":{"self":[{"href":"https:\/\/wp.adr-alcen.com\/fr\/wp-json\/wp\/v2\/pages\/237083","targetHints":{"allow":["GET"]}}],"collection":[{"href":"https:\/\/wp.adr-alcen.com\/fr\/wp-json\/wp\/v2\/pages"}],"about":[{"href":"https:\/\/wp.adr-alcen.com\/fr\/wp-json\/wp\/v2\/types\/page"}],"author":[{"embeddable":true,"href":"https:\/\/wp.adr-alcen.com\/fr\/wp-json\/wp\/v2\/users\/3"}],"replies":[{"embeddable":true,"href":"https:\/\/wp.adr-alcen.com\/fr\/wp-json\/wp\/v2\/comments?post=237083"}],"version-history":[{"count":1,"href":"https:\/\/wp.adr-alcen.com\/fr\/wp-json\/wp\/v2\/pages\/237083\/revisions"}],"predecessor-version":[{"id":248904,"href":"https:\/\/wp.adr-alcen.com\/fr\/wp-json\/wp\/v2\/pages\/237083\/revisions\/248904"}],"up":[{"embeddable":true,"href":"https:\/\/wp.adr-alcen.com\/fr\/wp-json\/wp\/v2\/pages\/236967"}],"wp:attachment":[{"href":"https:\/\/wp.adr-alcen.com\/fr\/wp-json\/wp\/v2\/media?parent=237083"}],"curies":[{"name":"wp","href":"https:\/\/api.w.org\/{rel}","templated":true}]}}